

{"id":1307,"date":"2019-01-17T12:37:01","date_gmt":"2019-01-17T12:37:01","guid":{"rendered":"http:\/\/www.tscentras.lt\/?page_id=1307\/"},"modified":"2026-03-20T14:14:43","modified_gmt":"2026-03-20T14:14:43","slug":"deutz","status":"publish","type":"page","link":"https:\/\/www.tscentras.lt\/en\/deutz\/","title":{"rendered":"Deutz"},"content":{"rendered":"[vc_row][vc_column][mk_padding_divider][vc_row_inner][vc_column_inner width=&#8221;1\/2&#8243;][vc_column_text margin_bottom=&#8221;40&#8243;]UAB TS Centras official DEUTZ AG servise dealer, offers original spare parts to Deutz engines as well as new and reconditioned engines. We can offer parts remanufacture at the production factory. The most demanded Deutz spare parts are available on our stock in Vilnius, and if it appears that some spare parts are out of stock, it can be delivered to the stock within 1-2 days upon customer\u2019s request.<\/p>\n<p>UAB TS Centras offers maintenance and repair services for Deutz engines. All works are performed in compliance with manufacturer&#8217;s requirements following the repair and engine operation instructions.[\/vc_column_text][vc_raw_html]JTNDbGluayUyMHJlbCUzRCUyMnN0eWxlc2hlZXQlMjIlMjB0eXBlJTNEJTIydGV4dCUyRmNzcyUyMiUyMGhyZWYlM0QlMjJodHRwcyUzQSUyRiUyRmNkbmpzLmNsb3VkZmxhcmUuY29tJTJGYWpheCUyRmxpYnMlMkZmb250LWF3ZXNvbWUlMkY0LjcuMCUyRmNzcyUyRmZvbnQtYXdlc29tZS5taW4uY3NzJTIyJTNFJTBBJTNDZGl2JTIwY2xhc3MlM0QlMjJjb250YWN0JTIyJTNFJTBBJTNDaDMlMjBzdHlsZSUzRCUyMmNvbG9yJTNBJTIwJTIzMDAwMDAwJTNCJTIwdGV4dC1hbGlnbiUzQSUyMGNlbnRlciUzQiUyMiUzRUNPTlRBQ1RTJTNDJTJGaDMlM0UlMEElM0N1bCUzRSUwQSUzQ2xpJTNFJTNDaSUyMGNsYXNzJTNEJTIyZmElMjBmYS12b2x1bWUtY29udHJvbC1waG9uZSUyMiUzRSUzQyUyRmklM0UlMEFQaG9uZSUyMDI0JTJGNyUzQSUyNm5ic3AlM0IlMjZuYnNwJTNCJTNDYSUyMGhyZWYlM0QlMjJ0ZWwlM0ElMkIzNzA2NTQyMjgzMyUyMiUzRSUyQjM3MCUyMDY1NCUyMDIyODMzJTNDJTJGYSUzRSUzQyUyRmxpJTNFJTBBJTNDbGklM0UlM0NpJTIwY2xhc3MlM0QlMjJmYSUyMGZhLWVudmVsb3BlLW8lMjIlM0UlM0MlMkZpJTNFJTBBRS1tYWlsJTNBJTI2bmJzcCUzQiUyNm5ic3AlM0IlM0NhJTIwaHJlZiUzRCUyMm1haWx0byUzQWluZm8lNDB0c2NlbnRyYXMubHQlMjIlM0VpbmZvJTQwdHNjZW50cmFzLmx0JTNDJTJGYSUzRSUzQyUyRmxpJTNFJTBBJTNDJTJGdWwlM0UlMEElM0MlMkZkaXYlM0U=[\/vc_raw_html][\/vc_column_inner][vc_column_inner width=&#8221;1\/2&#8243;][vc_single_image image=&#8221;1601&#8243; img_size=&#8221;full&#8221; alignment=&#8221;right&#8221;][\/vc_column_inner][\/vc_row_inner][vc_row_inner][vc_column_inner][vc_single_image image=&#8221;1828&#8243; img_size=&#8221;full&#8221; alignment=&#8221;center&#8221; onclick=&#8221;custom_link&#8221; img_link_target=&#8221;_blank&#8221; link=&#8221;https:\/\/sdeutz.com&#8221;][\/vc_column_inner][\/vc_row_inner][vc_row_inner][vc_column_inner][vc_column_text]\n<h2 data-path-to-node=\"1\"><strong>DEUTZ engines<\/strong><\/h2>\n<p data-path-to-node=\"2\">Deutz AG currently manufactures a wide range of diesel engines with power outputs ranging from 18 to 620 kilowatts. DEUTZ diesel engines comply with the strictest EU Stage V \/ US EPA Tier 4 emission standards. To achieve this, the latest exhaust gas after-treatment technologies are used to reduce emissions. They are also designed to ensure optimized fuel consumption, which not only ensures economical operation but also reduces environmental impact.<\/p>\n<p data-path-to-node=\"3\">Today, the engines and parts manufactured by the company are widely used in various fields: agriculture, industry, construction, railways, automotive, power generation, and other stationary equipment. Professional engines used in specialized sectors help ensure work efficiency, productivity, and longevity, while the supply of original spare parts or remanufactured engines ensures the continuous operation of the equipment. Specialists at UAB &#8220;TS Centras&#8221; will help you choose the most suitable new Deutz engine according to the individual requirements of different industries, applying customized solutions and offering the right engine for every application.\u00a0<a href=\"https:\/\/www.deutz.com\/en\/products\/engines\/\" target=\"_blank\" rel=\"noopener\"><strong>The range of engines manufactured by Deutz.<\/strong><\/a><\/p>\n[\/vc_column_text][\/vc_column_inner][\/vc_row_inner][vc_row_inner][vc_column_inner width=&#8221;1\/3&#8243;][vc_single_image image=&#8221;1861&#8243; img_size=&#8221;full&#8221; alignment=&#8221;center&#8221;][\/vc_column_inner][vc_column_inner width=&#8221;1\/3&#8243;][vc_single_image image=&#8221;1862&#8243; img_size=&#8221;full&#8221; alignment=&#8221;center&#8221;][\/vc_column_inner][vc_column_inner width=&#8221;1\/3&#8243;][vc_single_image image=&#8221;1863&#8243; img_size=&#8221;full&#8221; alignment=&#8221;center&#8221;][\/vc_column_inner][\/vc_row_inner][vc_row_inner][vc_column_inner][vc_column_text]\n<h2 data-path-to-node=\"1\"><strong>DEUTZ Spare Parts<\/strong><\/h2>\n<p data-path-to-node=\"2\">UAB TS Centras supplies and distributes original DEUTZ spare parts. Genuine parts are supplied exclusively by official manufacturers and are perfectly tailored to a specific vehicle or unit, ensuring that you will not encounter any issues due to even minor component mismatches. Our qualified staff uses certified manufacturer software to accurately select the parts you require.<\/p>\n<p data-path-to-node=\"3\">We identify the parts our customers need based precisely on the engine serial number (a guide for locating the serial number can be found at the bottom of the page). All currently manufactured DEUTZ spare parts can be ordered through us\u2014including crankshaft assembly components, block and cylinder head parts, all gaskets, cylinders, pistons, belts, oil, exhaust and intake valves, and more. A wide selection of parts is maintained in our stock; if a specific component is not on hand, it is ordered from the manufacturer\u2019s warehouses in Germany and delivered within the shortest possible timeframe.<\/p>\n[\/vc_column_text][\/vc_column_inner][\/vc_row_inner][vc_row_inner][vc_column_inner width=&#8221;1\/4&#8243;][vc_single_image image=&#8221;1066&#8243; img_size=&#8221;full&#8221; alignment=&#8221;center&#8221;][\/vc_column_inner][vc_column_inner width=&#8221;1\/4&#8243;][vc_single_image image=&#8221;1067&#8243; img_size=&#8221;full&#8221; alignment=&#8221;center&#8221;][\/vc_column_inner][vc_column_inner width=&#8221;1\/4&#8243;][vc_single_image image=&#8221;1068&#8243; img_size=&#8221;full&#8221; alignment=&#8221;center&#8221;][\/vc_column_inner][vc_column_inner width=&#8221;1\/4&#8243;][vc_single_image image=&#8221;1073&#8243; img_size=&#8221;full&#8221; alignment=&#8221;center&#8221;][\/vc_column_inner][\/vc_row_inner][vc_row_inner][vc_column_inner][vc_column_text]\n<h2 data-path-to-node=\"1\"><strong>DEUTZ Xchange Parts<\/strong><\/h2>\n<p data-path-to-node=\"2\">We are pleased to offer our customers factory-remanufactured (Xchange) components and assemblies. All DEUTZ Xchange remanufactured products comply with stringent quality requirements. These parts ensure optimal functionality and safety, as the suitability, functionality, and quality of every single component are rigorously tested. A key advantage of the remanufacturing process is that parts are updated according to the latest technological advancements in the product series. Consequently, the Xchange program not only guarantees lower costs but also ensures a faster return to high-quality machinery operation and minimized downtime. Xchange parts carry the same factory warranty as new parts, with prices up to 40% lower, while maintaining full quality and functionality.<\/p>\n<p data-path-to-node=\"3\">Decades of success have established the DEUTZ Xchange brand as a hallmark of exceptional expertise, advanced technology, and high-quality products. We offer world-renowned engines and parts essential for vehicle repair or modernization. Our qualified service personnel, extensive inventory, and flexible payment options ensure a seamless experience in selecting the engines and parts you need.<\/p>\n[\/vc_column_text][\/vc_column_inner][\/vc_row_inner][vc_row_inner][vc_column_inner width=&#8221;1\/3&#8243;][vc_single_image image=&#8221;1070&#8243; img_size=&#8221;full&#8221; alignment=&#8221;center&#8221;][\/vc_column_inner][vc_column_inner width=&#8221;1\/3&#8243;][vc_single_image image=&#8221;1071&#8243; img_size=&#8221;full&#8221; alignment=&#8221;center&#8221;][\/vc_column_inner][vc_column_inner width=&#8221;1\/3&#8243;][vc_single_image image=&#8221;1069&#8243; img_size=&#8221;full&#8221; alignment=&#8221;center&#8221;][\/vc_column_inner][\/vc_row_inner][vc_row_inner][vc_column_inner][vc_column_text]\n<h2 data-path-to-node=\"1\"><strong>DEUTZ Xchange Engines, Short and Long Blocks<\/strong><\/h2>\n<p data-path-to-node=\"2\">DEUTZ Xchange products are remanufactured engines and blocks that comply with stringent quality requirements. This is an economical and fast way to replace a failed engine or block with a functioning one when a new engine or a repair is too costly, and you need an urgent and reliable solution to ensure the uninterrupted operation of your machinery.<\/p>\n<p data-path-to-node=\"3\">Our offered engines and blocks are remanufactured at the manufacturer&#8217;s factory in Germany and come with a quality warranty of at least one year. By purchasing a remanufactured engine or block, you can return your old unit to us, recovering part of the cost and avoiding the hassle of disposing of the non-functional assembly. Remanufactured engines and parts ensure optimal functionality and safety. The suitability, functionality, and quality of every remanufactured component are rigorously tested. Another advantage of remanufacturing is that parts are updated according to the latest technological advancements in the product series. Thus, remanufacturing not only guarantees lower costs but also ensures a faster return to high-quality machinery operation and reduced downtime.<\/p>\n<p data-path-to-node=\"4\"><b data-path-to-node=\"4\" data-index-in-node=\"0\">DEUTZ Xchange Engine<\/b> \u2013 100% equivalent to your old engine, updated with the latest technologies. The engine is supplied without the flywheel and its housing, starter, alternator, air compressor, and mounting brackets.<\/p>\n[\/vc_column_text][\/vc_column_inner][\/vc_row_inner][vc_row_inner][vc_column_inner width=&#8221;1\/2&#8243;][vc_single_image image=&#8221;1911&#8243; img_size=&#8221;full&#8221; alignment=&#8221;center&#8221;][\/vc_column_inner][vc_column_inner width=&#8221;1\/2&#8243;][vc_single_image image=&#8221;1912&#8243; img_size=&#8221;full&#8221; alignment=&#8221;center&#8221;][\/vc_column_inner][\/vc_row_inner][vc_row_inner][vc_column_inner][vc_column_text]\n<p data-path-to-node=\"5\"><b data-path-to-node=\"5\" data-index-in-node=\"0\">DEUTZ Xchange Short Block<\/b> \u2013 The primary solution for engine replacement or overhaul. It includes all essential engine components, such as: the engine block, pistons and connecting rods, crankshaft, and camshaft.<\/p>\n<p data-path-to-node=\"6\"><b data-path-to-node=\"6\" data-index-in-node=\"0\">DEUTZ Xchange Long Block<\/b> \u2013 A pre-assembled engine repair solution containing significantly more components than a Short block. In addition to Short block components, the Long block includes: the cylinder head, valve train, main gaskets, and bearings.<\/p>\n<p data-path-to-node=\"7\"><b data-path-to-node=\"7\" data-index-in-node=\"0\">DEUTZ Xchange Long Block Plus<\/b> \u2013 A tailored, premium solution designed for maximum efficiency. It consists of all Long block components plus additional auxiliary parts usually purchased separately. These include: the fuel injection system, air intake system (including the turbocharger), water and oil pumps, alternator, and starter.<\/p>\n[\/vc_column_text][\/vc_column_inner][\/vc_row_inner][vc_row_inner][vc_column_inner width=&#8221;1\/3&#8243;][vc_single_image image=&#8221;1849&#8243; img_size=&#8221;full&#8221; alignment=&#8221;center&#8221;][\/vc_column_inner][vc_column_inner width=&#8221;1\/3&#8243;][vc_single_image image=&#8221;1850&#8243; img_size=&#8221;full&#8221; alignment=&#8221;center&#8221;][\/vc_column_inner][vc_column_inner width=&#8221;1\/3&#8243;][vc_single_image image=&#8221;1851&#8243; img_size=&#8221;full&#8221; alignment=&#8221;center&#8221;][\/vc_column_inner][\/vc_row_inner][vc_row_inner][vc_column_inner][vc_column_text]\n<h2 data-path-to-node=\"1\"><strong>DEUTZ Operating Liquids<\/strong><\/h2>\n<p data-path-to-node=\"2\">UAB TS Centras sells top-quality engine operating liquids manufactured by DEUTZ AG:<\/p>\n<p style=\"padding-left: 30px;\">Engine oil &#8211; <a href=\"https:\/\/www.deutz.com\/fileadmin\/user_upload\/parts_service\/service\/betriebsstoffe\/Flyer_OEL_SDeutz_en_4Seiten_updatefinal.pdf\" target=\"_blank\" rel=\"noopener noreferrer\"><em>TLX 10W40 FE;\u00a0<\/em><em>Rodon 10W40 Low SAPS\u00a0<\/em><\/a><\/p>\n<p style=\"padding-left: 30px;\">Coolant &#8211; <a href=\"https:\/\/www.deutz.com\/fileadmin\/user_upload\/parts_service\/service\/betriebsstoffe\/TR_0199_99_01228_5_EN.pdf\" target=\"_blank\" rel=\"noopener noreferrer\"><em>DEUTZ Cooling System conditioner DQC-CB<\/em><\/a><\/p>\n<p style=\"padding-left: 30px;\">Fuel additive &#8211; <a href=\"https:\/\/www.deutz.com\/fileadmin\/user_upload\/parts_service\/service\/betriebsstoffe\/tr_0199_99_01210_7_en.pdf\" target=\"_blank\" rel=\"noopener noreferrer\"><em>Deutz Additive<\/em><\/a><\/p>\n<p style=\"padding-left: 30px;\">AdBlue liquid &#8211; <a href=\"https:\/\/www.tscentras.lt\/wp-content\/uploads\/2026\/03\/mn_powerblue_en.pdf\" target=\"_blank\" rel=\"noopener noreferrer\"><em>DEUTZ\u00ae PowerBlue<\/em><\/a><\/p>\n[\/vc_column_text][\/vc_column_inner][\/vc_row_inner][vc_row_inner][vc_column_inner width=&#8221;1\/3&#8243;][vc_single_image image=&#8221;1364&#8243; img_size=&#8221;medium&#8221; alignment=&#8221;center&#8221;][\/vc_column_inner][vc_column_inner width=&#8221;1\/3&#8243;][vc_single_image image=&#8221;1366&#8243; img_size=&#8221;medium&#8221; alignment=&#8221;center&#8221;][\/vc_column_inner][vc_column_inner width=&#8221;1\/3&#8243;][vc_single_image image=&#8221;1368&#8243; img_size=&#8221;medium&#8221; alignment=&#8221;center&#8221;][\/vc_column_inner][\/vc_row_inner][vc_row_inner][vc_column_inner][\/vc_column_inner][\/vc_row_inner][vc_column_text]\n<h2 data-path-to-node=\"1\"><strong>History of DEUTZ Engines<\/strong><\/h2>\n<p data-path-to-node=\"2\">The DEUTZ brand has been known for over 150 years (since 1864) and holds a significant place in engine manufacturing. The German engine manufacturer is based in Cologne. Its founder is Nikolaus Otto, the inventor of the four-stroke internal combustion engine. The company was founded in an oil mill on Servasgasse, behind Cologne\u2019s main station, and is therefore considered the oldest engine factory in the world. In 1867, the first &#8220;Otto&#8221; engine was presented at the Paris World Exhibition. Previously, the company manufactured engines under the well-known abbreviation &#8220;KHD&#8221; (Kl\u00f6ckner-Humboldt-Deutz). In addition to its current production of air-, water-, and oil-cooled diesel engines, the company was also involved in the manufacturing of gasoline and gas engines, locomotives, motor vehicles, commercial vehicles (trucks and buses), construction machinery, agricultural machinery, and other equipment. Such notable figures as Eugen Langen, Gottlieb Daimler, Wilhelm Maybach, Prosper L&#8217;Orange, Robert Bosch, and Ettore Bugatti have worked there.<\/p>\n<p data-path-to-node=\"3\">Previously, DEUTZ also manufactured gas engines (known under the MWM brand), but today the engines produced are diesel. Diesel engines are most commonly chosen for their efficiency, durability, and higher power output compared to gasoline engines. Diesel is typically used when operating heavy-duty machinery. A key feature of engines used in heavy machinery is not only optimized fuel consumption but also the ability to operate for long periods at consistent power levels.<\/p>\n[\/vc_column_text][vc_row_inner][vc_column_inner width=&#8221;1\/3&#8243;][vc_single_image image=&#8221;1356&#8243; img_size=&#8221;medium&#8221; alignment=&#8221;center&#8221;][\/vc_column_inner][vc_column_inner width=&#8221;1\/3&#8243;][vc_single_image image=&#8221;1354&#8243; img_size=&#8221;medium&#8221; alignment=&#8221;center&#8221;][\/vc_column_inner][vc_column_inner width=&#8221;1\/3&#8243;][vc_single_image image=&#8221;1363&#8243; img_size=&#8221;full&#8221; alignment=&#8221;center&#8221;][\/vc_column_inner][\/vc_row_inner][vc_row_inner][vc_column_inner][vc_column_text]\n<p data-path-to-node=\"2\">Every detail is critical in engine manufacturing. Even the slightest inaccuracy can lead to premature failure of the unit or machinery. For this reason, the engine manufacturer constantly invests in the production and improvement of new parts: various components are manufactured across the company\u2019s three plants, where they are rigorously tested to ensure that every engine component meets the highest quality standards and guarantees safe engine operation.<\/p>\n<p data-path-to-node=\"3\">We supply new engines and engine parts required for the development, repair, or modernization of equipment. We also offer engine maintenance services, which include the replacement of operating materials and belts, periodic valve adjustments, and other operations. All work is performed in accordance with the engine repair and operation guidelines defined by the manufacturer.<\/p>\n[\/vc_column_text][vc_column_text]\n<h2 data-path-to-node=\"3\"><strong>Engine Applications<\/strong><\/h2>\n<p data-path-to-node=\"4\">DEUTZ engines are installed in a wide variety of machinery used in agriculture, road construction, airports, construction, logistics, shipping, road transport, and other sectors. These engines are integrated into equipment from world-renowned brands:<\/p>\n<p data-path-to-node=\"5,0,0\">Rollers and asphalt pavers: Hamm, Bomag, Wirtgen, V\u00f6gele, Dynapac.<br \/>\nTractors: Deutz-Fahr, Fendt, Claas, Case, MTZ (Belarus), Lamborghini, Same.<br \/>\nLoaders: Bobcat, Gehl, Merlo, Linde, JLG, Kobelco, Kramer, Manitou, Ahlmann, JCB.<br \/>\nExcavators: Atlas, Terex, Fuchs, O&amp;K, Liebherr, Sennebogen, Zeppelin, Caterpillar.<br \/>\nGenerators, compressors, and concrete pumps: Putzmeister, Atlas Copco, CompAir.<br \/>\nTrucks: Volvo, Renault, MAZ, Magirus.<\/p>\n[\/vc_column_text][\/vc_column_inner][\/vc_row_inner][vc_row_inner][vc_column_inner width=&#8221;1\/3&#8243;][vc_single_image image=&#8221;1145&#8243; img_size=&#8221;336&#215;255&#8243; alignment=&#8221;center&#8221; style=&#8221;vc_box_border&#8221;][\/vc_column_inner][vc_column_inner width=&#8221;1\/3&#8243;][vc_single_image image=&#8221;1147&#8243; img_size=&#8221;336&#215;255&#8243; alignment=&#8221;center&#8221; style=&#8221;vc_box_border&#8221;][\/vc_column_inner][vc_column_inner width=&#8221;1\/3&#8243;][vc_single_image image=&#8221;1146&#8243; img_size=&#8221;336&#215;255&#8243; alignment=&#8221;center&#8221; style=&#8221;vc_box_border&#8221;][\/vc_column_inner][\/vc_row_inner][vc_row_inner][vc_column_inner][vc_column_text]\n<h2 data-path-to-node=\"3\"><strong>Engine Serial Number<\/strong><\/h2>\n<p data-path-to-node=\"4\">We select DEUTZ parts and engines based on your engine serial number. You can find the serial number on the engine identification plate (see the example below), which is attached to the valve cover or on the engine block near the oil pan. If you cannot find the identification plate, please contact us, and we will indicate the exact location where the engine serial number is stamped based on your specific engine model. Alternatively, you can use the <strong><a href=\"https:\/\/www.tscentras.lt\/wp-content\/uploads\/2019\/01\/deutz.pdf\" target=\"_blank\" rel=\"noopener\">serial number location guide.<\/a><\/strong><\/p>\n[\/vc_column_text][\/vc_column_inner][\/vc_row_inner][vc_column_text]\n<p style=\"text-align: center;\">Example of a DEUTZ identification plate: A \u2013 engine type, <strong>B \u2013 engine serial number.<\/strong><\/p>\n[\/vc_column_text][vc_single_image image=&#8221;892&#8243; img_size=&#8221;full&#8221; alignment=&#8221;center&#8221;][mk_padding_divider size=&#8221;20&#8243;][\/vc_column][\/vc_row]\n","protected":false},"excerpt":{"rendered":"<p>[vc_row][vc_column][mk_padding_divider][vc_row_inner][vc_column_inner width=&#8221;1\/2&#8243;][vc_column_text margin_bottom=&#8221;40&#8243;]UAB TS Centras official DEUTZ AG servise dealer, offers original spare parts to Deutz engines as well as new and reconditioned engines. We can offer parts remanufacture at the production factory. The most demanded Deutz spare parts are available on our stock in Vilnius, and if it appears that some spare parts are [&hellip;]<\/p>\n","protected":false},"author":2,"featured_media":0,"parent":0,"menu_order":0,"comment_status":"closed","ping_status":"closed","template":"","meta":{"footnotes":""},"class_list":["post-1307","page","type-page","status-publish","hentry"],"yoast_head":"<!-- This site is optimized with the Yoast SEO plugin v24.8.1 - https:\/\/yoast.com\/wordpress\/plugins\/seo\/ -->\n<title>Deutz varikliai, detal\u0117s ir servisas - UAB &quot;TS Centras&quot;<\/title>\n<meta name=\"description\" content=\"DEUTZ varikliai ir atsargin\u0117s j\u0173 detal\u0117s, kurias Jums gali pasi\u016blyti UAB &quot;TS Centras&quot; - patikimas insdustrini\u0173 varikli\u0173 serviso partneris.\" \/>\n<meta name=\"robots\" content=\"index, follow, max-snippet:-1, max-image-preview:large, max-video-preview:-1\" \/>\n<link rel=\"canonical\" href=\"https:\/\/www.tscentras.lt\/en\/deutz\/\" \/>\n<meta property=\"og:locale\" content=\"en_US\" \/>\n<meta property=\"og:type\" content=\"article\" \/>\n<meta property=\"og:title\" content=\"Deutz varikliai, detal\u0117s ir servisas - UAB &quot;TS Centras&quot;\" \/>\n<meta property=\"og:description\" content=\"DEUTZ varikliai ir atsargin\u0117s j\u0173 detal\u0117s, kurias Jums gali pasi\u016blyti UAB &quot;TS Centras&quot; - patikimas insdustrini\u0173 varikli\u0173 serviso partneris.\" \/>\n<meta property=\"og:url\" content=\"https:\/\/www.tscentras.lt\/en\/deutz\/\" \/>\n<meta property=\"og:site_name\" content=\"TS Centras\" \/>\n<meta property=\"article:modified_time\" content=\"2026-03-20T14:14:43+00:00\" \/>\n<meta name=\"twitter:card\" content=\"summary_large_image\" \/>\n<meta name=\"twitter:label1\" content=\"Est. reading time\" \/>\n\t<meta name=\"twitter:data1\" content=\"8 minutes\" \/>\n<script type=\"application\/ld+json\" class=\"yoast-schema-graph\">{\"@context\":\"https:\/\/schema.org\",\"@graph\":[{\"@type\":\"WebPage\",\"@id\":\"https:\/\/www.tscentras.lt\/en\/deutz\/\",\"url\":\"https:\/\/www.tscentras.lt\/en\/deutz\/\",\"name\":\"Deutz varikliai, detal\u0117s ir servisas - UAB \\\"TS Centras\\\"\",\"isPartOf\":{\"@id\":\"https:\/\/www.tscentras.lt\/#website\"},\"datePublished\":\"2019-01-17T12:37:01+00:00\",\"dateModified\":\"2026-03-20T14:14:43+00:00\",\"description\":\"DEUTZ varikliai ir atsargin\u0117s j\u0173 detal\u0117s, kurias Jums gali pasi\u016blyti UAB \\\"TS Centras\\\" - patikimas insdustrini\u0173 varikli\u0173 serviso partneris.\",\"breadcrumb\":{\"@id\":\"https:\/\/www.tscentras.lt\/en\/deutz\/#breadcrumb\"},\"inLanguage\":\"en-US\",\"potentialAction\":[{\"@type\":\"ReadAction\",\"target\":[\"https:\/\/www.tscentras.lt\/en\/deutz\/\"]}]},{\"@type\":\"BreadcrumbList\",\"@id\":\"https:\/\/www.tscentras.lt\/en\/deutz\/#breadcrumb\",\"itemListElement\":[{\"@type\":\"ListItem\",\"position\":1,\"name\":\"Home\",\"item\":\"https:\/\/www.tscentras.lt\/en\/\"},{\"@type\":\"ListItem\",\"position\":2,\"name\":\"Deutz\"}]},{\"@type\":\"WebSite\",\"@id\":\"https:\/\/www.tscentras.lt\/#website\",\"url\":\"https:\/\/www.tscentras.lt\/\",\"name\":\"TS Centras\",\"description\":\"Deutz, MWM, Lombardini, Kohler, Turbocharger, Cylinder head\",\"potentialAction\":[{\"@type\":\"SearchAction\",\"target\":{\"@type\":\"EntryPoint\",\"urlTemplate\":\"https:\/\/www.tscentras.lt\/?s={search_term_string}\"},\"query-input\":{\"@type\":\"PropertyValueSpecification\",\"valueRequired\":true,\"valueName\":\"search_term_string\"}}],\"inLanguage\":\"en-US\"}]}<\/script>\n<!-- \/ Yoast SEO plugin. -->","yoast_head_json":{"title":"Deutz varikliai, detal\u0117s ir servisas - UAB \"TS Centras\"","description":"DEUTZ varikliai ir atsargin\u0117s j\u0173 detal\u0117s, kurias Jums gali pasi\u016blyti UAB \"TS Centras\" - patikimas insdustrini\u0173 varikli\u0173 serviso partneris.","robots":{"index":"index","follow":"follow","max-snippet":"max-snippet:-1","max-image-preview":"max-image-preview:large","max-video-preview":"max-video-preview:-1"},"canonical":"https:\/\/www.tscentras.lt\/en\/deutz\/","og_locale":"en_US","og_type":"article","og_title":"Deutz varikliai, detal\u0117s ir servisas - UAB \"TS Centras\"","og_description":"DEUTZ varikliai ir atsargin\u0117s j\u0173 detal\u0117s, kurias Jums gali pasi\u016blyti UAB \"TS Centras\" - patikimas insdustrini\u0173 varikli\u0173 serviso partneris.","og_url":"https:\/\/www.tscentras.lt\/en\/deutz\/","og_site_name":"TS Centras","article_modified_time":"2026-03-20T14:14:43+00:00","twitter_card":"summary_large_image","twitter_misc":{"Est. reading time":"8 minutes"},"schema":{"@context":"https:\/\/schema.org","@graph":[{"@type":"WebPage","@id":"https:\/\/www.tscentras.lt\/en\/deutz\/","url":"https:\/\/www.tscentras.lt\/en\/deutz\/","name":"Deutz varikliai, detal\u0117s ir servisas - UAB \"TS Centras\"","isPartOf":{"@id":"https:\/\/www.tscentras.lt\/#website"},"datePublished":"2019-01-17T12:37:01+00:00","dateModified":"2026-03-20T14:14:43+00:00","description":"DEUTZ varikliai ir atsargin\u0117s j\u0173 detal\u0117s, kurias Jums gali pasi\u016blyti UAB \"TS Centras\" - patikimas insdustrini\u0173 varikli\u0173 serviso partneris.","breadcrumb":{"@id":"https:\/\/www.tscentras.lt\/en\/deutz\/#breadcrumb"},"inLanguage":"en-US","potentialAction":[{"@type":"ReadAction","target":["https:\/\/www.tscentras.lt\/en\/deutz\/"]}]},{"@type":"BreadcrumbList","@id":"https:\/\/www.tscentras.lt\/en\/deutz\/#breadcrumb","itemListElement":[{"@type":"ListItem","position":1,"name":"Home","item":"https:\/\/www.tscentras.lt\/en\/"},{"@type":"ListItem","position":2,"name":"Deutz"}]},{"@type":"WebSite","@id":"https:\/\/www.tscentras.lt\/#website","url":"https:\/\/www.tscentras.lt\/","name":"TS Centras","description":"Deutz, MWM, Lombardini, Kohler, Turbocharger, Cylinder head","potentialAction":[{"@type":"SearchAction","target":{"@type":"EntryPoint","urlTemplate":"https:\/\/www.tscentras.lt\/?s={search_term_string}"},"query-input":{"@type":"PropertyValueSpecification","valueRequired":true,"valueName":"search_term_string"}}],"inLanguage":"en-US"}]}},"_links":{"self":[{"href":"https:\/\/www.tscentras.lt\/en\/wp-json\/wp\/v2\/pages\/1307","targetHints":{"allow":["GET"]}}],"collection":[{"href":"https:\/\/www.tscentras.lt\/en\/wp-json\/wp\/v2\/pages"}],"about":[{"href":"https:\/\/www.tscentras.lt\/en\/wp-json\/wp\/v2\/types\/page"}],"author":[{"embeddable":true,"href":"https:\/\/www.tscentras.lt\/en\/wp-json\/wp\/v2\/users\/2"}],"replies":[{"embeddable":true,"href":"https:\/\/www.tscentras.lt\/en\/wp-json\/wp\/v2\/comments?post=1307"}],"version-history":[{"count":29,"href":"https:\/\/www.tscentras.lt\/en\/wp-json\/wp\/v2\/pages\/1307\/revisions"}],"predecessor-version":[{"id":1914,"href":"https:\/\/www.tscentras.lt\/en\/wp-json\/wp\/v2\/pages\/1307\/revisions\/1914"}],"wp:attachment":[{"href":"https:\/\/www.tscentras.lt\/en\/wp-json\/wp\/v2\/media?parent=1307"}],"curies":[{"name":"wp","href":"https:\/\/api.w.org\/{rel}","templated":true}]}}